{"id":28,"date":"2020-02-02T20:39:44","date_gmt":"2020-02-02T20:39:44","guid":{"rendered":"http:\/\/www.strohofer.co.at\/?page_id=28"},"modified":"2020-02-02T20:39:44","modified_gmt":"2020-02-02T20:39:44","slug":"chronik","status":"publish","type":"page","link":"http:\/\/www.strohofer.co.at\/?page_id=28","title":{"rendered":"Chronik"},"content":{"rendered":"\n<p>Die\nFirmengr\u00fcndung fand im Juni 2014 statt. Derzeit sind 6 Arbeitskr\u00e4fte auf der\nBaustelle bzw. im B\u00fcro t\u00e4tig.<\/p>\n\n\n\n<p>Wir sind ein\nUnternehmen, wo der Chef selbst auf der Baustelle mitarbeitet. Durch\njahrzehntelange Baustellenerfahrung k\u00f6nnen Sie auf professionelle Ausf\u00fchrung\nvertrauen. Ihre individuellen Vorstellungen setzten wir in die Realit\u00e4t um.<\/p>\n\n\n\n<p>Wir helfen Ihnen\nzu Ihrem<\/p>\n\n\n\n<h2 class=\"wp-block-heading\">Wohn (t) raum<\/h2>\n\n\n\n<p>Bauen ist\nVertrauenssache, gerne erstellen wir Ihr pers\u00f6nliches Angebot und beraten\numfassend und unverbindlich.<\/p>\n","protected":false},"excerpt":{"rendered":"<p>Die Firmengr\u00fcndung fand im Juni 2014 statt. Derzeit sind 6 Arbeitskr\u00e4fte auf der Baustelle bzw. im B\u00fcro t\u00e4tig. Wir sind ein Unternehmen, wo der Chef selbst auf der Baustelle mitarbeitet. Durch jahrzehntelange Baustellenerfahrung k\u00f6nnen Sie auf professionelle Ausf\u00fchrung vertrauen. Ihre individuellen Vorstellungen setzten wir in die Realit\u00e4t um. Wir helfen Ihnen zu Ihrem Wohn (t) &hellip; <a href=\"http:\/\/www.strohofer.co.at\/?page_id=28\" class=\"more-link\"><span class=\"screen-reader-text\">Chronik<\/span> weiterlesen<\/a><\/p>\n","protected":false},"author":1,"featured_media":0,"parent":0,"menu_order":0,"comment_status":"closed","ping_status":"closed","template":"","meta":{"footnotes":""},"class_list":["post-28","page","type-page","status-publish","hentry"],"_links":{"self":[{"href":"http:\/\/www.strohofer.co.at\/index.php?rest_route=\/wp\/v2\/pages\/28","targetHints":{"allow":["GET"]}}],"collection":[{"href":"http:\/\/www.strohofer.co.at\/index.php?rest_route=\/wp\/v2\/pages"}],"about":[{"href":"http:\/\/www.strohofer.co.at\/index.php?rest_route=\/wp\/v2\/types\/page"}],"author":[{"embeddable":true,"href":"http:\/\/www.strohofer.co.at\/index.php?rest_route=\/wp\/v2\/users\/1"}],"replies":[{"embeddable":true,"href":"http:\/\/www.strohofer.co.at\/index.php?rest_route=%2Fwp%2Fv2%2Fcomments&post=28"}],"version-history":[{"count":1,"href":"http:\/\/www.strohofer.co.at\/index.php?rest_route=\/wp\/v2\/pages\/28\/revisions"}],"predecessor-version":[{"id":29,"href":"http:\/\/www.strohofer.co.at\/index.php?rest_route=\/wp\/v2\/pages\/28\/revisions\/29"}],"wp:attachment":[{"href":"http:\/\/www.strohofer.co.at\/index.php?rest_route=%2Fwp%2Fv2%2Fmedia&parent=28"}],"curies":[{"name":"wp","href":"https:\/\/api.w.org\/{rel}","templated":true}]}}