{"id":2,"date":"2014-12-22T09:20:16","date_gmt":"2014-12-22T09:20:16","guid":{"rendered":"http:\/\/www.strohofer.co.at\/?page_id=2"},"modified":"2023-07-26T07:57:28","modified_gmt":"2023-07-26T07:57:28","slug":"beispiel-seite","status":"publish","type":"page","link":"http:\/\/www.strohofer.co.at\/","title":{"rendered":"Willkommen"},"content":{"rendered":"\n<figure class=\"wp-block-image size-full\"><img loading=\"lazy\" decoding=\"async\" width=\"520\" height=\"320\" src=\"http:\/\/www.strohofer.co.at\/wp-content\/uploads\/2023\/07\/NewLogo.png\" alt=\"\" class=\"wp-image-62\" srcset=\"http:\/\/www.strohofer.co.at\/wp-content\/uploads\/2023\/07\/NewLogo.png 520w, http:\/\/www.strohofer.co.at\/wp-content\/uploads\/2023\/07\/NewLogo-300x185.png 300w\" sizes=\"auto, (max-width: 520px) 100vw, 520px\" \/><\/figure>\n\n\n\n<p>Baugewerbetreibender, <br>eingeschr\u00e4nkt auf ausf\u00fchrende T\u00e4tigkeiten, <br>eingeschr\u00e4nkt auf die Errichtung von Ein- und Zweifamilienh\u00e4usern<br>sowie Zu- und Umbauten<\/p>\n","protected":false},"excerpt":{"rendered":"<p>Baugewerbetreibender, eingeschr\u00e4nkt auf ausf\u00fchrende T\u00e4tigkeiten, eingeschr\u00e4nkt auf die Errichtung von Ein- und Zweifamilienh\u00e4usernsowie Zu- und Umbauten<\/p>\n","protected":false},"author":1,"featured_media":0,"parent":0,"menu_order":1,"comment_status":"closed","ping_status":"closed","template":"","meta":{"footnotes":""},"class_list":["post-2","page","type-page","status-publish","hentry"],"_links":{"self":[{"href":"http:\/\/www.strohofer.co.at\/index.php?rest_route=\/wp\/v2\/pages\/2","targetHints":{"allow":["GET"]}}],"collection":[{"href":"http:\/\/www.strohofer.co.at\/index.php?rest_route=\/wp\/v2\/pages"}],"about":[{"href":"http:\/\/www.strohofer.co.at\/index.php?rest_route=\/wp\/v2\/types\/page"}],"author":[{"embeddable":true,"href":"http:\/\/www.strohofer.co.at\/index.php?rest_route=\/wp\/v2\/users\/1"}],"replies":[{"embeddable":true,"href":"http:\/\/www.strohofer.co.at\/index.php?rest_route=%2Fwp%2Fv2%2Fcomments&post=2"}],"version-history":[{"count":16,"href":"http:\/\/www.strohofer.co.at\/index.php?rest_route=\/wp\/v2\/pages\/2\/revisions"}],"predecessor-version":[{"id":64,"href":"http:\/\/www.strohofer.co.at\/index.php?rest_route=\/wp\/v2\/pages\/2\/revisions\/64"}],"wp:attachment":[{"href":"http:\/\/www.strohofer.co.at\/index.php?rest_route=%2Fwp%2Fv2%2Fmedia&parent=2"}],"curies":[{"name":"wp","href":"https:\/\/api.w.org\/{rel}","templated":true}]}}