{"id":11,"date":"2014-12-22T10:00:02","date_gmt":"2014-12-22T10:00:02","guid":{"rendered":"http:\/\/www.strohofer.co.at\/?page_id=11"},"modified":"2022-04-16T08:55:02","modified_gmt":"2022-04-16T08:55:02","slug":"impressum","status":"publish","type":"page","link":"http:\/\/www.strohofer.co.at\/?page_id=11","title":{"rendered":"Impressum"},"content":{"rendered":"<p><strong>Medieninhaber, Herausgeber, Eigent\u00fcmer und f\u00fcr den Inhalt verantwortlich:<br \/>\n<\/strong>Thomas Strohofer<br \/>\nGewerbepark<br \/>\nA-3484 Grafenw\u00f6rth<\/p>\n<p><strong>Mitglied der Wirtschaftskammer Nieder\u00f6sterreich:<\/strong><br \/>\nFachgruppe\/Berufszweig LI Bau &#8211; Baugewerbetreibender,<br \/>\neingeschr\u00e4nkt auf ausf\u00fchrende T\u00e4tigkeiten<\/p>\n<p><strong>Zust\u00e4ndige Beh\u00f6rde:<br \/>\n<\/strong>Bezirkshauptmannschaft Krems\/Donau (Land)<\/p>\n<p><strong>Nutzungsrechte:<\/strong><br \/>\nCopyright \u00a9 2022 Thomas Strohofer<br \/>\nAlle Rechte vorbehalten.<br \/>\nDie Urheberrechte dieser Website liegen vollst\u00e4ndig bei Thomas Strohofer.<\/p>\n<p><strong>Setzen von Hyperlinks:<br \/>\n<\/strong>Thomas Strohofer erteilt das Recht, Hyperlinks auf die Startseite und auf Unterseiten von <a href=\"http:\/\/www.strohofer.co.at\">www.strohofer.co.at<\/a> zu setzen. Diese Erlaubnis ist\u00a0jederzeit widerrufbar.<\/p>\n<p><strong>Haftungsausschluss f\u00fcr externe Links:<br \/>\n<\/strong>Mit dem Urteil vom 19.12.2000 (4 Ob 274\/00y Haftung f\u00fcr Links auf Websites) hat der \u00f6sterreichische Oberste Gerichtshof entschieden, dass sich ein Linksetzer den Inhalt einer fremden Website als eigenen Inhalt zurechnen lassen muss und f\u00fcr diesen zu haften hat, sofern er sich deren Inhalt zu eigen macht.<br \/>\nThomas Strohofer macht sich die Inhalte Dritter, auf die mittels Links verwiesen wird, NICHT zu eigen und verwendet Links im Sinne eines Fundstellenverzeichnisses. Um diesen Umstand zu unterstreichen werden externe Links (sofern Ihr Browser diese M\u00f6glichkeit unterst\u00fctzt) in einem neuen Fenster ge\u00f6ffnet.\u00a0Thomas Strohofer\u00a0weist ausdr\u00fccklich darauf hin, dass er jegliche Verantwortung f\u00fcr diese Websites und die darauf enthaltenen Inhalte ausschlie\u00dft.<\/p>\n","protected":false},"excerpt":{"rendered":"<p>Medieninhaber, Herausgeber, Eigent\u00fcmer und f\u00fcr den Inhalt verantwortlich: Thomas Strohofer Gewerbepark A-3484 Grafenw\u00f6rth Mitglied der Wirtschaftskammer Nieder\u00f6sterreich: Fachgruppe\/Berufszweig LI Bau &#8211; Baugewerbetreibender, eingeschr\u00e4nkt auf ausf\u00fchrende T\u00e4tigkeiten Zust\u00e4ndige Beh\u00f6rde: Bezirkshauptmannschaft Krems\/Donau (Land) Nutzungsrechte: Copyright \u00a9 2022 Thomas Strohofer Alle Rechte vorbehalten. Die Urheberrechte dieser Website liegen vollst\u00e4ndig bei Thomas Strohofer. Setzen von Hyperlinks: Thomas Strohofer erteilt &hellip; <a href=\"http:\/\/www.strohofer.co.at\/?page_id=11\" class=\"more-link\"><span class=\"screen-reader-text\">Impressum<\/span> weiterlesen<\/a><\/p>\n","protected":false},"author":1,"featured_media":0,"parent":0,"menu_order":2,"comment_status":"closed","ping_status":"open","template":"","meta":{"footnotes":""},"class_list":["post-11","page","type-page","status-publish","hentry"],"_links":{"self":[{"href":"http:\/\/www.strohofer.co.at\/index.php?rest_route=\/wp\/v2\/pages\/11","targetHints":{"allow":["GET"]}}],"collection":[{"href":"http:\/\/www.strohofer.co.at\/index.php?rest_route=\/wp\/v2\/pages"}],"about":[{"href":"http:\/\/www.strohofer.co.at\/index.php?rest_route=\/wp\/v2\/types\/page"}],"author":[{"embeddable":true,"href":"http:\/\/www.strohofer.co.at\/index.php?rest_route=\/wp\/v2\/users\/1"}],"replies":[{"embeddable":true,"href":"http:\/\/www.strohofer.co.at\/index.php?rest_route=%2Fwp%2Fv2%2Fcomments&post=11"}],"version-history":[{"count":6,"href":"http:\/\/www.strohofer.co.at\/index.php?rest_route=\/wp\/v2\/pages\/11\/revisions"}],"predecessor-version":[{"id":51,"href":"http:\/\/www.strohofer.co.at\/index.php?rest_route=\/wp\/v2\/pages\/11\/revisions\/51"}],"wp:attachment":[{"href":"http:\/\/www.strohofer.co.at\/index.php?rest_route=%2Fwp%2Fv2%2Fmedia&parent=11"}],"curies":[{"name":"wp","href":"https:\/\/api.w.org\/{rel}","templated":true}]}}